{"id":1278,"date":"2024-03-15T14:46:05","date_gmt":"2024-03-15T14:46:05","guid":{"rendered":"https:\/\/new.tc-ramelsloh.de\/?page_id=1278"},"modified":"2024-03-15T14:46:05","modified_gmt":"2024-03-15T14:46:05","slug":"galerie","status":"publish","type":"page","link":"https:\/\/new.tc-ramelsloh.de\/?page_id=1278","title":{"rendered":"Galerie"},"content":{"rendered":"\n<p>In unserer Foto-Galerie entdeckt ihr einige der sch\u00f6nen fotografisch festgehaltenen  Momente in unserem Club-Leben, mit unseren Punktspiel-Teams oder von Tennis-Events auf unsere Au\u00dfenanlage sowie in der Halle.<\/p>\n\n\n\n<p>Aus Gr\u00fcnden des Datenschutzes nennen wir hier keine Personen-Namen, und wer mit der Ver\u00f6ffentlichung &#8222;seines&#8220; Fotos nicht einverstanden ist, kann jederzeit mit kurzer Nachricht an unseren Datenschutzbeauftragten die Anzeige des Fotos stoppen.<\/p>\n\n\n\n<p>Die hier ver\u00f6ffentlichten Fotos sind urheberrechtlich gesch\u00fctzt. Eine Nutzung au\u00dferhalb dieser Website  ist nur mit ausdr\u00fccklicher Erlaubnis des Fotografen und der abgebildeten Personen gestattet.<\/p>\n\n\n\n<p>Wir freuen uns \u00fcber alle uns zugesandten Fotos und entscheiden zur Ver\u00f6ffentlichung, ob sie unseren Mindeststandards in Qualit\u00e4t und Aufl\u00f6sung (min. 1100&#215;700 Pixel) entsprechen. Bitte Bilder immer in bestm\u00f6glicher Aufl\u00f6sung zusenden &#8211; WhatsApp-Qualit\u00e4t reicht nicht aus. \u00c4ltere Aufnahmen k\u00f6nnen von unserem Standard abweichen.     <\/p>\n\n\n\n<p>  <\/p>\n","protected":false},"excerpt":{"rendered":"<p>In unserer Foto-Galerie entdeckt ihr einige der sch\u00f6nen fotografisch festgehaltenen Momente in unserem Club-Leben, mit unseren Punktspiel-Teams oder von Tennis-Events auf unsere Au\u00dfenanlage sowie in der Halle. Aus Gr\u00fcnden des Datenschutzes nennen wir hier keine Personen-Namen, und wer mit der Ver\u00f6ffentlichung &#8222;seines&#8220; Fotos nicht einverstanden ist, kann jederzeit mit kurzer Nachricht an unseren Datenschutzbeauftragten die&#8230;<\/p>\n","protected":false},"author":2,"featured_media":0,"parent":0,"menu_order":0,"comment_status":"closed","ping_status":"closed","template":"","meta":{"_custom_body_class":"","_custom_post_class":"","ngg_post_thumbnail":0,"footnotes":""},"class_list":["post-1278","page","type-page","status-publish","hentry"],"_links":{"self":[{"href":"https:\/\/new.tc-ramelsloh.de\/index.php?rest_route=\/wp\/v2\/pages\/1278"}],"collection":[{"href":"https:\/\/new.tc-ramelsloh.de\/index.php?rest_route=\/wp\/v2\/pages"}],"about":[{"href":"https:\/\/new.tc-ramelsloh.de\/index.php?rest_route=\/wp\/v2\/types\/page"}],"author":[{"embeddable":true,"href":"https:\/\/new.tc-ramelsloh.de\/index.php?rest_route=\/wp\/v2\/users\/2"}],"replies":[{"embeddable":true,"href":"https:\/\/new.tc-ramelsloh.de\/index.php?rest_route=%2Fwp%2Fv2%2Fcomments&post=1278"}],"version-history":[{"count":2,"href":"https:\/\/new.tc-ramelsloh.de\/index.php?rest_route=\/wp\/v2\/pages\/1278\/revisions"}],"predecessor-version":[{"id":1438,"href":"https:\/\/new.tc-ramelsloh.de\/index.php?rest_route=\/wp\/v2\/pages\/1278\/revisions\/1438"}],"wp:attachment":[{"href":"https:\/\/new.tc-ramelsloh.de\/index.php?rest_route=%2Fwp%2Fv2%2Fmedia&parent=1278"}],"curies":[{"name":"wp","href":"https:\/\/api.w.org\/{rel}","templated":true}]}}