{"id":459,"date":"2022-09-07T11:24:54","date_gmt":"2022-09-07T11:24:54","guid":{"rendered":"https:\/\/demo.blazethemes.com\/local-news-pro-six\/?page_id=2"},"modified":"2024-03-29T13:47:48","modified_gmt":"2024-03-29T13:47:48","slug":"sample-page-2","status":"publish","type":"page","link":"https:\/\/new.tc-ramelsloh.de\/?page_id=459","title":{"rendered":"Die Tennishalle des MTV Ramelsloh"},"content":{"rendered":"\n<p>Die mit einer modernen LED Beleuchtungsanlage ausgestattete 4-Feld-Halle unseres Schwestervereins MTV Ramelsloh ist unsere sportliche Heimat in der Wintersaison und an Tagen, in denen wetterbedingt ein Spielen auf der Au\u00dfenanlage nicht m\u00f6glich ist.<\/p>\n\n\n\n<p>Ein Online-Buchungssystem erlaubt uns, auch kurzfristig auf einen Hallenplatz zu wechseln, oder aber f\u00fcr die Wintersaison zu festen Spielzeiten ein Abo zu buchen.<\/p>\n\n\n\n<p>Unsere Kinder und Jugendlichen werden hier im Gruppentraining von unserem engagierten und qualifizierten Trainerteam in den Monaten September bis April bestens ausgebildet und betreut.  <\/p>\n\n\n\n<p>Die Tennishalle liegt nur f\u00fcnf Minuten von unserer Freiluft-Tennisanlage entfernt. Bei wechselnder Wetterlage haben wir immer geeignete Hallenschuhe f\u00fcr den Teppichboden in der Tennistasche. <\/p>\n","protected":false},"excerpt":{"rendered":"<p>Die mit einer modernen LED Beleuchtungsanlage ausgestattete 4-Feld-Halle unseres Schwestervereins MTV Ramelsloh ist unsere sportliche Heimat in der Wintersaison und an Tagen, in denen wetterbedingt ein Spielen auf der Au\u00dfenanlage nicht m\u00f6glich ist. Ein Online-Buchungssystem erlaubt uns, auch kurzfristig auf einen Hallenplatz zu wechseln, oder aber f\u00fcr die Wintersaison zu festen Spielzeiten ein Abo zu&#8230;<\/p>\n","protected":false},"author":1,"featured_media":1047,"parent":0,"menu_order":0,"comment_status":"closed","ping_status":"open","template":"","meta":{"_custom_body_class":"","_custom_post_class":"","ngg_post_thumbnail":0,"footnotes":""},"class_list":["post-459","page","type-page","status-publish","has-post-thumbnail","hentry"],"_links":{"self":[{"href":"https:\/\/new.tc-ramelsloh.de\/index.php?rest_route=\/wp\/v2\/pages\/459"}],"collection":[{"href":"https:\/\/new.tc-ramelsloh.de\/index.php?rest_route=\/wp\/v2\/pages"}],"about":[{"href":"https:\/\/new.tc-ramelsloh.de\/index.php?rest_route=\/wp\/v2\/types\/page"}],"author":[{"embeddable":true,"href":"https:\/\/new.tc-ramelsloh.de\/index.php?rest_route=\/wp\/v2\/users\/1"}],"replies":[{"embeddable":true,"href":"https:\/\/new.tc-ramelsloh.de\/index.php?rest_route=%2Fwp%2Fv2%2Fcomments&post=459"}],"version-history":[{"count":7,"href":"https:\/\/new.tc-ramelsloh.de\/index.php?rest_route=\/wp\/v2\/pages\/459\/revisions"}],"predecessor-version":[{"id":1437,"href":"https:\/\/new.tc-ramelsloh.de\/index.php?rest_route=\/wp\/v2\/pages\/459\/revisions\/1437"}],"wp:featuredmedia":[{"embeddable":true,"href":"https:\/\/new.tc-ramelsloh.de\/index.php?rest_route=\/wp\/v2\/media\/1047"}],"wp:attachment":[{"href":"https:\/\/new.tc-ramelsloh.de\/index.php?rest_route=%2Fwp%2Fv2%2Fmedia&parent=459"}],"curies":[{"name":"wp","href":"https:\/\/api.w.org\/{rel}","templated":true}]}}